{"id":1197,"date":"2023-11-07T10:39:16","date_gmt":"2023-11-07T10:39:16","guid":{"rendered":"https:\/\/atere-tz.de\/?page_id=1197"},"modified":"2024-04-07T10:36:12","modified_gmt":"2024-04-07T10:36:12","slug":"leistungskatalog","status":"publish","type":"page","link":"https:\/\/atere-tz.de\/en\/leistungskatalog\/","title":{"rendered":"CATALOG OF SERVICES\u00a0"},"content":{"rendered":"\t\t<div data-elementor-type=\"wp-page\" data-elementor-id=\"1197\" class=\"elementor elementor-1197\">\n\t\t\t\t\t\t\t\t\t<section class=\"elementor-section elementor-top-section elementor-element elementor-element-aa8dfe4 elementor-section-boxed elementor-section-height-default elementor-section-height-default\" data-id=\"aa8dfe4\" data-element_type=\"section\">\n\t\t\t\t\t\t<div class=\"elementor-container elementor-column-gap-default\">\n\t\t\t\t\t<div class=\"aux-parallax-section elementor-column elementor-col-100 elementor-top-column elementor-element elementor-element-5d05bf2\" data-id=\"5d05bf2\" data-element_type=\"column\">\n\t\t\t<div class=\"elementor-widget-wrap elementor-element-populated\">\n\t\t\t\t\t\t\t\t<div class=\"elementor-element elementor-element-71deb24 elementor-widget elementor-widget-heading\" data-id=\"71deb24\" data-element_type=\"widget\" data-widget_type=\"heading.default\">\n\t\t\t\t<div class=\"elementor-widget-container\">\n\t\t\t<style>\/*! elementor - v3.16.0 - 09-10-2023 *\/\n.elementor-heading-title{padding:0;margin:0;line-height:1}.elementor-widget-heading .elementor-heading-title[class*=elementor-size-]>a{color:inherit;font-size:inherit;line-height:inherit}.elementor-widget-heading .elementor-heading-title.elementor-size-small{font-size:15px}.elementor-widget-heading .elementor-heading-title.elementor-size-medium{font-size:19px}.elementor-widget-heading .elementor-heading-title.elementor-size-large{font-size:29px}.elementor-widget-heading .elementor-heading-title.elementor-size-xl{font-size:39px}.elementor-widget-heading .elementor-heading-title.elementor-size-xxl{font-size:59px}<\/style><h2 class=\"elementor-heading-title elementor-size-medium\">LEISTUNGSKATALOG<\/h2>\t\t<\/div>\n\t\t\t\t<\/div>\n\t\t\t\t\t<\/div>\n\t\t<\/div>\n\t\t\t\t\t\t\t<\/div>\n\t\t<\/section>\n\t\t\t\t<section class=\"elementor-section elementor-top-section elementor-element elementor-element-8673e62 elementor-section-boxed elementor-section-height-default elementor-section-height-default\" data-id=\"8673e62\" data-element_type=\"section\">\n\t\t\t\t\t\t<div class=\"elementor-container elementor-column-gap-default\">\n\t\t\t\t\t<div class=\"aux-parallax-section elementor-column elementor-col-50 elementor-top-column elementor-element elementor-element-94bf308\" data-id=\"94bf308\" data-element_type=\"column\">\n\t\t\t<div class=\"elementor-widget-wrap elementor-element-populated\">\n\t\t\t\t\t\t\t\t<div class=\"elementor-element elementor-element-987c545 elementor-widget elementor-widget-heading\" data-id=\"987c545\" data-element_type=\"widget\" data-widget_type=\"heading.default\">\n\t\t\t\t<div class=\"elementor-widget-container\">\n\t\t\t<h2 class=\"elementor-heading-title elementor-size-default\">OSTEOPATHISCHE UNTERSUCHUNG UND BEHANDLUNG<\/h2>\t\t<\/div>\n\t\t\t\t<\/div>\n\t\t\t\t<div class=\"elementor-element elementor-element-6cf0d53 elementor-widget elementor-widget-text-editor\" data-id=\"6cf0d53\" data-element_type=\"widget\" data-widget_type=\"text-editor.default\">\n\t\t\t\t<div class=\"elementor-widget-container\">\n\t\t\t<style>\/*! elementor - v3.16.0 - 09-10-2023 *\/\n.elementor-widget-text-editor.elementor-drop-cap-view-stacked .elementor-drop-cap{background-color:#69727d;color:#fff}.elementor-widget-text-editor.elementor-drop-cap-view-framed .elementor-drop-cap{color:#69727d;border:3px solid;background-color:transparent}.elementor-widget-text-editor:not(.elementor-drop-cap-view-default) .elementor-drop-cap{margin-top:8px}.elementor-widget-text-editor:not(.elementor-drop-cap-view-default) .elementor-drop-cap-letter{width:1em;height:1em}.elementor-widget-text-editor .elementor-drop-cap{float:left;text-align:center;line-height:1;font-size:50px}.elementor-widget-text-editor .elementor-drop-cap-letter{display:inline-block}<\/style>\t\t\t\t<p>ca. 60 Minuten \u20ac 108,50<\/p><p>Bitte informieren Sie sich bei uns \u00fcber die Preise.<\/p><p>Sie erhalten vor jeder Behandlung eine Honorarvereinbarung.<\/p><p>Die Osteopathischen Behandlungen k\u00f6nnen auch \u00fcber die <br \/>Geb\u00fchrenverordnung f\u00fcr Heilpraktiker abgerechnet werden.<\/p>\t\t\t\t\t\t<\/div>\n\t\t\t\t<\/div>\n\t\t\t\t<div class=\"elementor-element elementor-element-aa9c701 elementor-widget elementor-widget-heading\" data-id=\"aa9c701\" data-element_type=\"widget\" data-widget_type=\"heading.default\">\n\t\t\t\t<div class=\"elementor-widget-container\">\n\t\t\t<h2 class=\"elementor-heading-title elementor-size-default\">PERS\u00d6NLICHE BERATUNG<\/h2>\t\t<\/div>\n\t\t\t\t<\/div>\n\t\t\t\t<div class=\"elementor-element elementor-element-99cae6a elementor-widget elementor-widget-text-editor\" data-id=\"99cae6a\" data-element_type=\"widget\" data-widget_type=\"text-editor.default\">\n\t\t\t\t<div class=\"elementor-widget-container\">\n\t\t\t\t\t\t\t<p>30 Minuten<\/p><p>Ihr pers\u00f6nlicher Draht zu einem Gesundheitsexperten.<\/p><p>63\u20ac<\/p>\t\t\t\t\t\t<\/div>\n\t\t\t\t<\/div>\n\t\t\t\t<div class=\"elementor-element elementor-element-0f81aec elementor-widget elementor-widget-heading\" data-id=\"0f81aec\" data-element_type=\"widget\" data-widget_type=\"heading.default\">\n\t\t\t\t<div class=\"elementor-widget-container\">\n\t\t\t<h2 class=\"elementor-heading-title elementor-size-default\">STOSSWELLENTHERAPIE<\/h2>\t\t<\/div>\n\t\t\t\t<\/div>\n\t\t\t\t<div class=\"elementor-element elementor-element-9eda69f elementor-widget elementor-widget-text-editor\" data-id=\"9eda69f\" data-element_type=\"widget\" data-widget_type=\"text-editor.default\">\n\t\t\t\t<div class=\"elementor-widget-container\">\n\t\t\t\t\t\t\t<p>59,90 \u20ac pro Behandlung<\/p>\t\t\t\t\t\t<\/div>\n\t\t\t\t<\/div>\n\t\t\t\t<div class=\"elementor-element elementor-element-f11f8a7 elementor-widget elementor-widget-heading\" data-id=\"f11f8a7\" data-element_type=\"widget\" data-widget_type=\"heading.default\">\n\t\t\t\t<div class=\"elementor-widget-container\">\n\t\t\t<h2 class=\"elementor-heading-title elementor-size-default\">KINESIOLOGISCHES TAPEN<\/h2>\t\t<\/div>\n\t\t\t\t<\/div>\n\t\t\t\t<div class=\"elementor-element elementor-element-ae25d1a elementor-widget elementor-widget-text-editor\" data-id=\"ae25d1a\" data-element_type=\"widget\" data-widget_type=\"text-editor.default\">\n\t\t\t\t<div class=\"elementor-widget-container\">\n\t\t\t\t\t\t\t<p>Je nach Gr\u00f6\u00dfe<\/p><p>ab 15,- \u20ac<\/p>\t\t\t\t\t\t<\/div>\n\t\t\t\t<\/div>\n\t\t\t\t<div class=\"elementor-element elementor-element-b2934ec elementor-widget elementor-widget-heading\" data-id=\"b2934ec\" data-element_type=\"widget\" data-widget_type=\"heading.default\">\n\t\t\t\t<div class=\"elementor-widget-container\">\n\t\t\t<h2 class=\"elementor-heading-title elementor-size-default\">HEILPRAKTIKER LEISTUNGEN<\/h2>\t\t<\/div>\n\t\t\t\t<\/div>\n\t\t\t\t<div class=\"elementor-element elementor-element-6505686 elementor-widget elementor-widget-text-editor\" data-id=\"6505686\" data-element_type=\"widget\" data-widget_type=\"text-editor.default\">\n\t\t\t\t<div class=\"elementor-widget-container\">\n\t\t\t\t\t\t\t<p>Schr\u00f6pfen und Schaben<br \/>Quaddeln<br \/>Schmerztherapie<br \/>Narbenbehandlung<\/p>\t\t\t\t\t\t<\/div>\n\t\t\t\t<\/div>\n\t\t\t\t<div class=\"elementor-element elementor-element-c307e4c elementor-widget elementor-widget-text-editor\" data-id=\"c307e4c\" data-element_type=\"widget\" data-widget_type=\"text-editor.default\">\n\t\t\t\t<div class=\"elementor-widget-container\">\n\t\t\t\t\t\t\t<p>Sie erhalten vor jeder Behandlung eine Honorarvereinbarung.<br \/>Bitte informieren Sie sich bei uns \u00fcber die Preise und <br \/>die Behandlungsdauer.<\/p>\t\t\t\t\t\t<\/div>\n\t\t\t\t<\/div>\n\t\t\t\t\t<\/div>\n\t\t<\/div>\n\t\t\t\t<div class=\"aux-parallax-section elementor-column elementor-col-50 elementor-top-column elementor-element elementor-element-c1817eb\" data-id=\"c1817eb\" data-element_type=\"column\">\n\t\t\t<div class=\"elementor-widget-wrap elementor-element-populated\">\n\t\t\t\t\t\t\t\t<div class=\"elementor-element elementor-element-389d0a0 elementor-widget elementor-widget-heading\" data-id=\"389d0a0\" data-element_type=\"widget\" data-widget_type=\"heading.default\">\n\t\t\t\t<div class=\"elementor-widget-container\">\n\t\t\t<h2 class=\"elementor-heading-title elementor-size-default\">LEISTUNGSKATALOG<\/h2>\t\t<\/div>\n\t\t\t\t<\/div>\n\t\t\t\t<div class=\"elementor-element elementor-element-8a1177c elementor-icon-list--layout-traditional elementor-list-item-link-full_width elementor-widget elementor-widget-icon-list\" data-id=\"8a1177c\" data-element_type=\"widget\" data-widget_type=\"icon-list.default\">\n\t\t\t\t<div class=\"elementor-widget-container\">\n\t\t\t<link rel=\"stylesheet\" href=\"https:\/\/atere-tz.de\/wp-content\/plugins\/elementor\/assets\/css\/widget-icon-list.min.css\">\t\t<ul class=\"elementor-icon-list-items\">\n\t\t\t\t\t\t\t<li class=\"elementor-icon-list-item\">\n\t\t\t\t\t\t\t\t\t\t\t<span class=\"elementor-icon-list-icon\">\n\t\t\t\t\t\t\t<i aria-hidden=\"true\" class=\"auxicon auxicon-primitive-dot\"><\/i>\t\t\t\t\t\t<\/span>\n\t\t\t\t\t\t\t\t\t\t<span class=\"elementor-icon-list-text\">Krankengymnastik<\/span>\n\t\t\t\t\t\t\t\t\t<\/li>\n\t\t\t\t\t\t\t\t<li class=\"elementor-icon-list-item\">\n\t\t\t\t\t\t\t\t\t\t\t<span class=\"elementor-icon-list-icon\">\n\t\t\t\t\t\t\t<i aria-hidden=\"true\" class=\"auxicon auxicon-primitive-dot\"><\/i>\t\t\t\t\t\t<\/span>\n\t\t\t\t\t\t\t\t\t\t<span class=\"elementor-icon-list-text\">Manuelle Therapie<\/span>\n\t\t\t\t\t\t\t\t\t<\/li>\n\t\t\t\t\t\t\t\t<li class=\"elementor-icon-list-item\">\n\t\t\t\t\t\t\t\t\t\t\t<span class=\"elementor-icon-list-icon\">\n\t\t\t\t\t\t\t<i aria-hidden=\"true\" class=\"auxicon auxicon-primitive-dot\"><\/i>\t\t\t\t\t\t<\/span>\n\t\t\t\t\t\t\t\t\t\t<span class=\"elementor-icon-list-text\">Spiraldynamik<\/span>\n\t\t\t\t\t\t\t\t\t<\/li>\n\t\t\t\t\t\t\t\t<li class=\"elementor-icon-list-item\">\n\t\t\t\t\t\t\t\t\t\t\t<span class=\"elementor-icon-list-icon\">\n\t\t\t\t\t\t\t<i aria-hidden=\"true\" class=\"auxicon auxicon-primitive-dot\"><\/i>\t\t\t\t\t\t<\/span>\n\t\t\t\t\t\t\t\t\t\t<span class=\"elementor-icon-list-text\">MT \u2013 Craniomandibul\u00e4re Dysfunktion (CMD)<\/span>\n\t\t\t\t\t\t\t\t\t<\/li>\n\t\t\t\t\t\t\t\t<li class=\"elementor-icon-list-item\">\n\t\t\t\t\t\t\t\t\t\t\t<span class=\"elementor-icon-list-icon\">\n\t\t\t\t\t\t\t<i aria-hidden=\"true\" class=\"auxicon auxicon-primitive-dot\"><\/i>\t\t\t\t\t\t<\/span>\n\t\t\t\t\t\t\t\t\t\t<span class=\"elementor-icon-list-text\">Klassische Massage Therapie<\/span>\n\t\t\t\t\t\t\t\t\t<\/li>\n\t\t\t\t\t\t\t\t<li class=\"elementor-icon-list-item\">\n\t\t\t\t\t\t\t\t\t\t\t<span class=\"elementor-icon-list-icon\">\n\t\t\t\t\t\t\t<i aria-hidden=\"true\" class=\"auxicon auxicon-primitive-dot\"><\/i>\t\t\t\t\t\t<\/span>\n\t\t\t\t\t\t\t\t\t\t<span class=\"elementor-icon-list-text\">Manuelle Lymphdrainage<\/span>\n\t\t\t\t\t\t\t\t\t<\/li>\n\t\t\t\t\t\t\t\t<li class=\"elementor-icon-list-item\">\n\t\t\t\t\t\t\t\t\t\t\t<span class=\"elementor-icon-list-icon\">\n\t\t\t\t\t\t\t<i aria-hidden=\"true\" class=\"auxicon auxicon-primitive-dot\"><\/i>\t\t\t\t\t\t<\/span>\n\t\t\t\t\t\t\t\t\t\t<span class=\"elementor-icon-list-text\">Krankengymnastik auf neurophysiologischer Grundlage<\/span>\n\t\t\t\t\t\t\t\t\t<\/li>\n\t\t\t\t\t\t\t\t<li class=\"elementor-icon-list-item\">\n\t\t\t\t\t\t\t\t\t\t\t<span class=\"elementor-icon-list-icon\">\n\t\t\t\t\t\t\t<i aria-hidden=\"true\" class=\"auxicon auxicon-primitive-dot\"><\/i>\t\t\t\t\t\t<\/span>\n\t\t\t\t\t\t\t\t\t\t<span class=\"elementor-icon-list-text\">Elektrotherapie, Iontophorese<\/span>\n\t\t\t\t\t\t\t\t\t<\/li>\n\t\t\t\t\t\t\t\t<li class=\"elementor-icon-list-item\">\n\t\t\t\t\t\t\t\t\t\t\t<span class=\"elementor-icon-list-icon\">\n\t\t\t\t\t\t\t<i aria-hidden=\"true\" class=\"auxicon auxicon-primitive-dot\"><\/i>\t\t\t\t\t\t<\/span>\n\t\t\t\t\t\t\t\t\t\t<span class=\"elementor-icon-list-text\">Ultraschalltherapie<\/span>\n\t\t\t\t\t\t\t\t\t<\/li>\n\t\t\t\t\t\t\t\t<li class=\"elementor-icon-list-item\">\n\t\t\t\t\t\t\t\t\t\t\t<span class=\"elementor-icon-list-icon\">\n\t\t\t\t\t\t\t<i aria-hidden=\"true\" class=\"auxicon auxicon-primitive-dot\"><\/i>\t\t\t\t\t\t<\/span>\n\t\t\t\t\t\t\t\t\t\t<span class=\"elementor-icon-list-text\">Bioregulation (Physio Key)<\/span>\n\t\t\t\t\t\t\t\t\t<\/li>\n\t\t\t\t\t\t\t\t<li class=\"elementor-icon-list-item\">\n\t\t\t\t\t\t\t\t\t\t\t<span class=\"elementor-icon-list-icon\">\n\t\t\t\t\t\t\t<i aria-hidden=\"true\" class=\"auxicon auxicon-primitive-dot\"><\/i>\t\t\t\t\t\t<\/span>\n\t\t\t\t\t\t\t\t\t\t<span class=\"elementor-icon-list-text\">W\u00e4rmetherapie (Fango, Naturmoor, Rotlicht)<\/span>\n\t\t\t\t\t\t\t\t\t<\/li>\n\t\t\t\t\t\t\t\t<li class=\"elementor-icon-list-item\">\n\t\t\t\t\t\t\t\t\t\t\t<span class=\"elementor-icon-list-icon\">\n\t\t\t\t\t\t\t<i aria-hidden=\"true\" class=\"auxicon auxicon-primitive-dot\"><\/i>\t\t\t\t\t\t<\/span>\n\t\t\t\t\t\t\t\t\t\t<span class=\"elementor-icon-list-text\">Kryotherapie<\/span>\n\t\t\t\t\t\t\t\t\t<\/li>\n\t\t\t\t\t\t\t\t<li class=\"elementor-icon-list-item\">\n\t\t\t\t\t\t\t\t\t\t\t<span class=\"elementor-icon-list-icon\">\n\t\t\t\t\t\t\t<i aria-hidden=\"true\" class=\"auxicon auxicon-primitive-dot\"><\/i>\t\t\t\t\t\t<\/span>\n\t\t\t\t\t\t\t\t\t\t<span class=\"elementor-icon-list-text\">Kinesiologisches Tapen<\/span>\n\t\t\t\t\t\t\t\t\t<\/li>\n\t\t\t\t\t\t\t\t<li class=\"elementor-icon-list-item\">\n\t\t\t\t\t\t\t\t\t\t\t<span class=\"elementor-icon-list-icon\">\n\t\t\t\t\t\t\t<i aria-hidden=\"true\" class=\"auxicon auxicon-primitive-dot\"><\/i>\t\t\t\t\t\t<\/span>\n\t\t\t\t\t\t\t\t\t\t<span class=\"elementor-icon-list-text\">Sto\u00dfwellentherapie<\/span>\n\t\t\t\t\t\t\t\t\t<\/li>\n\t\t\t\t\t\t<\/ul>\n\t\t\t\t<\/div>\n\t\t\t\t<\/div>\n\t\t\t\t<div class=\"elementor-element elementor-element-e9cc344 elementor-widget elementor-widget-text-editor\" data-id=\"e9cc344\" data-element_type=\"widget\" data-widget_type=\"text-editor.default\">\n\t\t\t\t<div class=\"elementor-widget-container\">\n\t\t\t\t\t\t\t<p><br \/>Bitte informieren Sie sich bei uns \u00fcber die Preise und die genaue Behandlungsdauer.<\/p>\t\t\t\t\t\t<\/div>\n\t\t\t\t<\/div>\n\t\t\t\t\t<\/div>\n\t\t<\/div>\n\t\t\t\t\t\t\t<\/div>\n\t\t<\/section>\n\t\t\t\t\t\t\t<\/div>\n\t\t","protected":false},"excerpt":{"rendered":"<p>LEISTUNGSKATALOG OSTEOPATHISCHE UNTERSUCHUNG UND BEHANDLUNG ca. 60 Minuten \u20ac 108,50 Bitte informieren Sie sich bei uns \u00fcber die Preise. Sie erhalten vor jeder Behandlung eine Honorarvereinbarung. Die Osteopathischen Behandlungen k\u00f6nnen auch \u00fcber die Geb\u00fchrenverordnung f\u00fcr Heilpraktiker abgerechnet werden. PERS\u00d6NLICHE BERATUNG 30 Minuten Ihr pers\u00f6nlicher Draht zu einem Gesundheitsexperten. 63\u20ac STOSSWELLENTHERAPIE 59,90 \u20ac pro Behandlung KINESIOLOGISCHES [&hellip;]<\/p>\n","protected":false},"author":2,"featured_media":0,"parent":0,"menu_order":0,"comment_status":"closed","ping_status":"closed","template":"","meta":{"footnotes":""},"yoast_head":"<!-- This site is optimized with the Yoast SEO plugin v22.1 - https:\/\/yoast.com\/wordpress\/plugins\/seo\/ -->\n<title>Leistungskatalog - In Frankfurt - Ater\u00e9-tz<\/title>\n<meta name=\"description\" content=\"Unser umfassender Leistungskatalog bietet individuelle Behandlungsans\u00e4tze f\u00fcr verschiedene Bed\u00fcrfnisse und Herausforderungen.\" \/>\n<meta name=\"robots\" content=\"index, follow, max-snippet:-1, max-image-preview:large, max-video-preview:-1\" \/>\n<link rel=\"canonical\" href=\"https:\/\/atere-tz.de\/en\/leistungskatalog\/\" \/>\n<meta property=\"og:locale\" content=\"en_US\" \/>\n<meta property=\"og:type\" content=\"article\" \/>\n<meta property=\"og:title\" content=\"Leistungskatalog - In Frankfurt - Ater\u00e9-tz\" \/>\n<meta property=\"og:description\" content=\"Unser umfassender Leistungskatalog bietet individuelle Behandlungsans\u00e4tze f\u00fcr verschiedene Bed\u00fcrfnisse und Herausforderungen.\" \/>\n<meta property=\"og:url\" content=\"https:\/\/atere-tz.de\/en\/leistungskatalog\/\" \/>\n<meta property=\"og:site_name\" content=\"Atere-tz\" \/>\n<meta property=\"article:modified_time\" content=\"2024-04-07T10:36:12+00:00\" \/>\n<meta name=\"twitter:card\" content=\"summary_large_image\" \/>\n<meta name=\"twitter:label1\" content=\"Est. reading time\" \/>\n\t<meta name=\"twitter:data1\" content=\"1 minute\" \/>\n<script type=\"application\/ld+json\" class=\"yoast-schema-graph\">{\"@context\":\"https:\/\/schema.org\",\"@graph\":[{\"@type\":\"WebPage\",\"@id\":\"https:\/\/atere-tz.de\/leistungskatalog\/\",\"url\":\"https:\/\/atere-tz.de\/leistungskatalog\/\",\"name\":\"Leistungskatalog - In Frankfurt - Ater\u00e9-tz\",\"isPartOf\":{\"@id\":\"https:\/\/atere-tz.de\/#website\"},\"datePublished\":\"2023-11-07T10:39:16+00:00\",\"dateModified\":\"2024-04-07T10:36:12+00:00\",\"description\":\"Unser umfassender Leistungskatalog bietet individuelle Behandlungsans\u00e4tze f\u00fcr verschiedene Bed\u00fcrfnisse und Herausforderungen.\",\"breadcrumb\":{\"@id\":\"https:\/\/atere-tz.de\/leistungskatalog\/#breadcrumb\"},\"inLanguage\":\"en-US\",\"potentialAction\":[{\"@type\":\"ReadAction\",\"target\":[\"https:\/\/atere-tz.de\/leistungskatalog\/\"]}]},{\"@type\":\"BreadcrumbList\",\"@id\":\"https:\/\/atere-tz.de\/leistungskatalog\/#breadcrumb\",\"itemListElement\":[{\"@type\":\"ListItem\",\"position\":1,\"name\":\"Startseite\",\"item\":\"https:\/\/atere-tz.de\/\"},{\"@type\":\"ListItem\",\"position\":2,\"name\":\"LEISTUNGSKATALOG\u00a0\"}]},{\"@type\":\"WebSite\",\"@id\":\"https:\/\/atere-tz.de\/#website\",\"url\":\"https:\/\/atere-tz.de\/\",\"name\":\"Atere-tz\",\"description\":\"\",\"publisher\":{\"@id\":\"https:\/\/atere-tz.de\/#organization\"},\"potentialAction\":[{\"@type\":\"SearchAction\",\"target\":{\"@type\":\"EntryPoint\",\"urlTemplate\":\"https:\/\/atere-tz.de\/?s={search_term_string}\"},\"query-input\":\"required name=search_term_string\"}],\"inLanguage\":\"en-US\"},{\"@type\":\"Organization\",\"@id\":\"https:\/\/atere-tz.de\/#organization\",\"name\":\"Atere-tz\",\"url\":\"https:\/\/atere-tz.de\/\",\"logo\":{\"@type\":\"ImageObject\",\"inLanguage\":\"en-US\",\"@id\":\"https:\/\/atere-tz.de\/#\/schema\/logo\/image\/\",\"url\":\"https:\/\/atere-tz.de\/wp-content\/uploads\/2023\/02\/logo-atere-header.png\",\"contentUrl\":\"https:\/\/atere-tz.de\/wp-content\/uploads\/2023\/02\/logo-atere-header.png\",\"width\":157,\"height\":181,\"caption\":\"Atere-tz\"},\"image\":{\"@id\":\"https:\/\/atere-tz.de\/#\/schema\/logo\/image\/\"}}]}<\/script>\n<!-- \/ Yoast SEO plugin. -->","yoast_head_json":{"title":"Service catalog - In Frankfurt - Ater\u00e9","description":"Our comprehensive range of services offers individual treatment approaches for different needs and challenges.","robots":{"index":"index","follow":"follow","max-snippet":"max-snippet:-1","max-image-preview":"max-image-preview:large","max-video-preview":"max-video-preview:-1"},"canonical":"https:\/\/atere-tz.de\/en\/leistungskatalog\/","og_locale":"en_US","og_type":"article","og_title":"Leistungskatalog - In Frankfurt - Ater\u00e9-tz","og_description":"Unser umfassender Leistungskatalog bietet individuelle Behandlungsans\u00e4tze f\u00fcr verschiedene Bed\u00fcrfnisse und Herausforderungen.","og_url":"https:\/\/atere-tz.de\/en\/leistungskatalog\/","og_site_name":"Atere-tz","article_modified_time":"2024-04-07T10:36:12+00:00","twitter_card":"summary_large_image","twitter_misc":{"Est. reading time":"1 minute"},"schema":{"@context":"https:\/\/schema.org","@graph":[{"@type":"WebPage","@id":"https:\/\/atere-tz.de\/leistungskatalog\/","url":"https:\/\/atere-tz.de\/leistungskatalog\/","name":"Service catalog - In Frankfurt - Ater\u00e9","isPartOf":{"@id":"https:\/\/atere-tz.de\/#website"},"datePublished":"2023-11-07T10:39:16+00:00","dateModified":"2024-04-07T10:36:12+00:00","description":"Our comprehensive range of services offers individual treatment approaches for different needs and challenges.","breadcrumb":{"@id":"https:\/\/atere-tz.de\/leistungskatalog\/#breadcrumb"},"inLanguage":"en-US","potentialAction":[{"@type":"ReadAction","target":["https:\/\/atere-tz.de\/leistungskatalog\/"]}]},{"@type":"BreadcrumbList","@id":"https:\/\/atere-tz.de\/leistungskatalog\/#breadcrumb","itemListElement":[{"@type":"ListItem","position":1,"name":"Startseite","item":"https:\/\/atere-tz.de\/"},{"@type":"ListItem","position":2,"name":"LEISTUNGSKATALOG\u00a0"}]},{"@type":"WebSite","@id":"https:\/\/atere-tz.de\/#website","url":"https:\/\/atere-tz.de\/","name":"Atere-tz","description":"","publisher":{"@id":"https:\/\/atere-tz.de\/#organization"},"potentialAction":[{"@type":"SearchAction","target":{"@type":"EntryPoint","urlTemplate":"https:\/\/atere-tz.de\/?s={search_term_string}"},"query-input":"required name=search_term_string"}],"inLanguage":"en-US"},{"@type":"Organization","@id":"https:\/\/atere-tz.de\/#organization","name":"Atere-tz","url":"https:\/\/atere-tz.de\/","logo":{"@type":"ImageObject","inLanguage":"en-US","@id":"https:\/\/atere-tz.de\/#\/schema\/logo\/image\/","url":"https:\/\/atere-tz.de\/wp-content\/uploads\/2023\/02\/logo-atere-header.png","contentUrl":"https:\/\/atere-tz.de\/wp-content\/uploads\/2023\/02\/logo-atere-header.png","width":157,"height":181,"caption":"Atere-tz"},"image":{"@id":"https:\/\/atere-tz.de\/#\/schema\/logo\/image\/"}}]}},"_links":{"self":[{"href":"https:\/\/atere-tz.de\/en\/wp-json\/wp\/v2\/pages\/1197"}],"collection":[{"href":"https:\/\/atere-tz.de\/en\/wp-json\/wp\/v2\/pages"}],"about":[{"href":"https:\/\/atere-tz.de\/en\/wp-json\/wp\/v2\/types\/page"}],"author":[{"embeddable":true,"href":"https:\/\/atere-tz.de\/en\/wp-json\/wp\/v2\/users\/2"}],"replies":[{"embeddable":true,"href":"https:\/\/atere-tz.de\/en\/wp-json\/wp\/v2\/comments?post=1197"}],"version-history":[{"count":15,"href":"https:\/\/atere-tz.de\/en\/wp-json\/wp\/v2\/pages\/1197\/revisions"}],"predecessor-version":[{"id":2033,"href":"https:\/\/atere-tz.de\/en\/wp-json\/wp\/v2\/pages\/1197\/revisions\/2033"}],"wp:attachment":[{"href":"https:\/\/atere-tz.de\/en\/wp-json\/wp\/v2\/media?parent=1197"}],"curies":[{"name":"wp","href":"https:\/\/api.w.org\/{rel}","templated":true}]}}