{"id":1231,"date":"2023-11-09T09:09:27","date_gmt":"2023-11-09T09:09:27","guid":{"rendered":"https:\/\/atere-tz.de\/?page_id=1231"},"modified":"2024-04-26T11:08:45","modified_gmt":"2024-04-26T11:08:45","slug":"die-drei-grundprinzipien-der-osteopathie","status":"publish","type":"page","link":"https:\/\/atere-tz.de\/en\/die-drei-grundprinzipien-der-osteopathie\/","title":{"rendered":"DIE DREI GRUNDPRINZIPIEN DER OSTEOPATHIE"},"content":{"rendered":"\t\t<div data-elementor-type=\"wp-page\" data-elementor-id=\"1231\" class=\"elementor elementor-1231\">\n\t\t\t\t\t\t\t\t\t<section class=\"elementor-section elementor-top-section elementor-element elementor-element-aa8dfe4 elementor-section-boxed elementor-section-height-default elementor-section-height-default\" data-id=\"aa8dfe4\" data-element_type=\"section\">\n\t\t\t\t\t\t<div class=\"elementor-container elementor-column-gap-default\">\n\t\t\t\t\t<div class=\"aux-parallax-section elementor-column elementor-col-100 elementor-top-column elementor-element elementor-element-5d05bf2\" data-id=\"5d05bf2\" data-element_type=\"column\">\n\t\t\t<div class=\"elementor-widget-wrap elementor-element-populated\">\n\t\t\t\t\t\t\t\t<div class=\"elementor-element elementor-element-71deb24 elementor-widget elementor-widget-heading\" data-id=\"71deb24\" data-element_type=\"widget\" data-widget_type=\"heading.default\">\n\t\t\t\t<div class=\"elementor-widget-container\">\n\t\t\t<style>\/*! elementor - v3.16.0 - 09-10-2023 *\/\n.elementor-heading-title{padding:0;margin:0;line-height:1}.elementor-widget-heading .elementor-heading-title[class*=elementor-size-]>a{color:inherit;font-size:inherit;line-height:inherit}.elementor-widget-heading .elementor-heading-title.elementor-size-small{font-size:15px}.elementor-widget-heading .elementor-heading-title.elementor-size-medium{font-size:19px}.elementor-widget-heading .elementor-heading-title.elementor-size-large{font-size:29px}.elementor-widget-heading .elementor-heading-title.elementor-size-xl{font-size:39px}.elementor-widget-heading .elementor-heading-title.elementor-size-xxl{font-size:59px}<\/style><h2 class=\"elementor-heading-title elementor-size-default\">DIE DREI GRUNDPRINZIPIEN\n<br>DER OSTEOPATHIE<\/h2>\t\t<\/div>\n\t\t\t\t<\/div>\n\t\t\t\t\t<\/div>\n\t\t<\/div>\n\t\t\t\t\t\t\t<\/div>\n\t\t<\/section>\n\t\t\t\t<section class=\"elementor-section elementor-top-section elementor-element elementor-element-8673e62 elementor-section-boxed elementor-section-height-default elementor-section-height-default\" data-id=\"8673e62\" data-element_type=\"section\">\n\t\t\t\t\t\t<div class=\"elementor-container elementor-column-gap-default\">\n\t\t\t\t\t<div class=\"aux-parallax-section elementor-column elementor-col-100 elementor-top-column elementor-element elementor-element-94bf308\" data-id=\"94bf308\" data-element_type=\"column\">\n\t\t\t<div class=\"elementor-widget-wrap elementor-element-populated\">\n\t\t\t\t\t\t\t\t<div class=\"elementor-element elementor-element-987c545 elementor-widget elementor-widget-heading\" data-id=\"987c545\" data-element_type=\"widget\" data-widget_type=\"heading.default\">\n\t\t\t\t<div class=\"elementor-widget-container\">\n\t\t\t<h2 class=\"elementor-heading-title elementor-size-default\">1. Der K\u00f6rper ist eine funktionelle Einheit:<\/h2>\t\t<\/div>\n\t\t\t\t<\/div>\n\t\t\t\t<div class=\"elementor-element elementor-element-6cf0d53 elementor-widget elementor-widget-text-editor\" data-id=\"6cf0d53\" data-element_type=\"widget\" data-widget_type=\"text-editor.default\">\n\t\t\t\t<div class=\"elementor-widget-container\">\n\t\t\t<style>\/*! elementor - v3.16.0 - 09-10-2023 *\/\n.elementor-widget-text-editor.elementor-drop-cap-view-stacked .elementor-drop-cap{background-color:#69727d;color:#fff}.elementor-widget-text-editor.elementor-drop-cap-view-framed .elementor-drop-cap{color:#69727d;border:3px solid;background-color:transparent}.elementor-widget-text-editor:not(.elementor-drop-cap-view-default) .elementor-drop-cap{margin-top:8px}.elementor-widget-text-editor:not(.elementor-drop-cap-view-default) .elementor-drop-cap-letter{width:1em;height:1em}.elementor-widget-text-editor .elementor-drop-cap{float:left;text-align:center;line-height:1;font-size:50px}.elementor-widget-text-editor .elementor-drop-cap-letter{display:inline-block}<\/style>\t\t\t\t<p><br \/>Die Osteopathie vertritt eine holistische Sicht des menschlichen K\u00f6rpers.<\/p><p>Alle Strukturen und alle Funktionen sind untrennbar miteinander<\/p><p>verbunden, der K\u00f6rper bildet eine Einheit.<\/p><p>Dar\u00fcber hinaus bezieht die Osteopathie in diese Einheit \u2013 neben<\/p><p>Bewegungsapparat und inneren Organen \u2013 auch die Psyche mit ein.<\/p><p>Dies folgt aus der Erkenntnis, dass eine akute Krankheit ihren Ursprung<\/p><p>in einem v\u00f6llig anderen Teil der k\u00f6rperlichen Einheit haben kann.<\/p><p>Eine schmerzende Schulter kann auch eine psychische Ursache haben<\/p><p>und beispielsweise durch Stress ausgel\u00f6st werden.<\/p>\t\t\t\t\t\t<\/div>\n\t\t\t\t<\/div>\n\t\t\t\t<div class=\"elementor-element elementor-element-aa9c701 elementor-widget elementor-widget-heading\" data-id=\"aa9c701\" data-element_type=\"widget\" data-widget_type=\"heading.default\">\n\t\t\t\t<div class=\"elementor-widget-container\">\n\t\t\t<h2 class=\"elementor-heading-title elementor-size-default\">2. Die Struktur und die Funktion sind gegenseitig und beiderseitig abh\u00e4ngig voneinander:<\/h2>\t\t<\/div>\n\t\t\t\t<\/div>\n\t\t\t\t<div class=\"elementor-element elementor-element-99cae6a elementor-widget elementor-widget-text-editor\" data-id=\"99cae6a\" data-element_type=\"widget\" data-widget_type=\"text-editor.default\">\n\t\t\t\t<div class=\"elementor-widget-container\">\n\t\t\t\t\t\t\t<p>Die Osteopathie unterscheidet zwischen K\u00f6rperstrukturen (z. B. Knochen, Muskeln, Organe, Nerven, K\u00f6rperfl\u00fcssigkeiten) und<\/p><p>K\u00f6rperfunktionen (Durchblutung, Verdauung etc.).<\/p><p>Struktur und Funktion beeinflussen sich gegenseitig und m\u00fcssen daher stets gemeinsam betrachtet werden. So kann eine willk\u00fcrliche<\/p><p>Ver\u00e4nderung der Funktion (z. B. durch Fehlbelastung) die Struktur ver\u00e4ndern (z. B. Kalkeinlagerungen bilden), w\u00e4hrend eine Ver\u00e4nderung<\/p><p>der K\u00f6rperstrukturen (z. B. durch einen Unfall) die Funktion beeintr\u00e4chtigt.<\/p><p>\u201eDie Funktion kreiert die Struktur und die Struktur dirigiert die Funktion.\u201c (Andrew T. Still)<\/p>\t\t\t\t\t\t<\/div>\n\t\t\t\t<\/div>\n\t\t\t\t<div class=\"elementor-element elementor-element-0f81aec elementor-widget elementor-widget-heading\" data-id=\"0f81aec\" data-element_type=\"widget\" data-widget_type=\"heading.default\">\n\t\t\t\t<div class=\"elementor-widget-container\">\n\t\t\t<h2 class=\"elementor-heading-title elementor-size-default\">3. Der K\u00f6rper besitzt selbstregulierende Mechanismen:<\/h2>\t\t<\/div>\n\t\t\t\t<\/div>\n\t\t\t\t<div class=\"elementor-element elementor-element-9eda69f elementor-widget elementor-widget-text-editor\" data-id=\"9eda69f\" data-element_type=\"widget\" data-widget_type=\"text-editor.default\">\n\t\t\t\t<div class=\"elementor-widget-container\">\n\t\t\t\t\t\t\t<p>Der K\u00f6rper hat die nat\u00fcrliche Eigenschaft, sich selbst zu regulieren, zu heilen und gesund zu erhalten. Normalerweise ist ein Mensch<\/p><p>in der Lage, st\u00f6rende Einfl\u00fcsse, etwa Stress, Verletzungen oder Krankheitserreger selbst zu neutralisieren.<\/p><p>Der K\u00f6rper hat sehr effektive Selbstheilungskr\u00e4fte: kleine Wunden heilen meist von selbst und auch Fremdk\u00f6rper, wie Bakterien und<\/p><p>Viren werden vom K\u00f6rper bek\u00e4mpft.<\/p>\t\t\t\t\t\t<\/div>\n\t\t\t\t<\/div>\n\t\t\t\t<div class=\"elementor-element elementor-element-f11f8a7 elementor-widget elementor-widget-heading\" data-id=\"f11f8a7\" data-element_type=\"widget\" data-widget_type=\"heading.default\">\n\t\t\t\t<div class=\"elementor-widget-container\">\n\t\t\t<h2 class=\"elementor-heading-title elementor-size-default\">Die drei S\u00e4ulen der Osteopathie<\/h2>\t\t<\/div>\n\t\t\t\t<\/div>\n\t\t\t\t<div class=\"elementor-element elementor-element-ae25d1a elementor-widget elementor-widget-text-editor\" data-id=\"ae25d1a\" data-element_type=\"widget\" data-widget_type=\"text-editor.default\">\n\t\t\t\t<div class=\"elementor-widget-container\">\n\t\t\t\t\t\t\t<p>In der Osteopathie unterscheidet man drei Systeme:<\/p>\t\t\t\t\t\t<\/div>\n\t\t\t\t<\/div>\n\t\t\t\t<div class=\"elementor-element elementor-element-b2934ec elementor-widget elementor-widget-heading\" data-id=\"b2934ec\" data-element_type=\"widget\" data-widget_type=\"heading.default\">\n\t\t\t\t<div class=\"elementor-widget-container\">\n\t\t\t<h2 class=\"elementor-heading-title elementor-size-default\">Das Craniosacrale System\n\nDas Parietale System\n\nDas Viscerale System<\/h2>\t\t<\/div>\n\t\t\t\t<\/div>\n\t\t\t\t<div class=\"elementor-element elementor-element-6505686 elementor-widget elementor-widget-text-editor\" data-id=\"6505686\" data-element_type=\"widget\" data-widget_type=\"text-editor.default\">\n\t\t\t\t<div class=\"elementor-widget-container\">\n\t\t\t\t\t\t\t<p>Das Craniosacrale System<\/p><p>Das Parietale System<\/p><p>Das Viscerale System<\/p>\t\t\t\t\t\t<\/div>\n\t\t\t\t<\/div>\n\t\t\t\t<div class=\"elementor-element elementor-element-c307e4c elementor-widget elementor-widget-text-editor\" data-id=\"c307e4c\" data-element_type=\"widget\" data-widget_type=\"text-editor.default\">\n\t\t\t\t<div class=\"elementor-widget-container\">\n\t\t\t\t\t\t\t<p>Diese sind auf den verschiedensten Ebenen miteinander verkn\u00fcpft und beeinflussen sich gegenseitig. Somit ist es f\u00fcr den Osteopathen<br \/><br \/>wichtig, die Untersuchung und Behandlung aller drei Systeme zu beherrschen um die Ursache f\u00fcr die Beschwerden des Patienten<br \/><br \/>finden und behandeln zu k\u00f6nnen.<\/p>\t\t\t\t\t\t<\/div>\n\t\t\t\t<\/div>\n\t\t\t\t\t<\/div>\n\t\t<\/div>\n\t\t\t\t\t\t\t<\/div>\n\t\t<\/section>\n\t\t\t\t\t\t\t<\/div>\n\t\t","protected":false},"excerpt":{"rendered":"<p>DIE DREI GRUNDPRINZIPIEN DER OSTEOPATHIE 1. Der K\u00f6rper ist eine funktionelle Einheit: Die Osteopathie vertritt eine holistische Sicht des menschlichen K\u00f6rpers. Alle Strukturen und alle Funktionen sind untrennbar miteinander verbunden, der K\u00f6rper bildet eine Einheit. Dar\u00fcber hinaus bezieht die Osteopathie in diese Einheit \u2013 neben Bewegungsapparat und inneren Organen \u2013 auch die Psyche mit ein. [&hellip;]<\/p>\n","protected":false},"author":2,"featured_media":0,"parent":0,"menu_order":0,"comment_status":"closed","ping_status":"closed","template":"","meta":{"footnotes":""},"yoast_head":"<!-- This site is optimized with the Yoast SEO plugin v22.1 - https:\/\/yoast.com\/wordpress\/plugins\/seo\/ -->\n<title>Die Drei Grundprinzipien der Osteopathie - in Frankfurt - Ater\u00e9-tz<\/title>\n<meta name=\"description\" content=\"Prinzipien der Osteopathie, die darauf abzielen, den K\u00f6rper als Einheit zu betrachten und die nat\u00fcrliche Selbstheilungskraft zu f\u00f6rdern.\" \/>\n<meta name=\"robots\" content=\"index, follow, max-snippet:-1, max-image-preview:large, max-video-preview:-1\" \/>\n<link rel=\"canonical\" href=\"https:\/\/atere-tz.de\/en\/die-drei-grundprinzipien-der-osteopathie\/\" \/>\n<meta property=\"og:locale\" content=\"en_US\" \/>\n<meta property=\"og:type\" content=\"article\" \/>\n<meta property=\"og:title\" content=\"Die Drei Grundprinzipien der Osteopathie - in Frankfurt - Ater\u00e9-tz\" \/>\n<meta property=\"og:description\" content=\"Prinzipien der Osteopathie, die darauf abzielen, den K\u00f6rper als Einheit zu betrachten und die nat\u00fcrliche Selbstheilungskraft zu f\u00f6rdern.\" \/>\n<meta property=\"og:url\" content=\"https:\/\/atere-tz.de\/en\/die-drei-grundprinzipien-der-osteopathie\/\" \/>\n<meta property=\"og:site_name\" content=\"Atere-tz\" \/>\n<meta property=\"article:modified_time\" content=\"2024-04-26T11:08:45+00:00\" \/>\n<meta name=\"twitter:card\" content=\"summary_large_image\" \/>\n<meta name=\"twitter:label1\" content=\"Est. reading time\" \/>\n\t<meta name=\"twitter:data1\" content=\"2 minutes\" \/>\n<script type=\"application\/ld+json\" class=\"yoast-schema-graph\">{\"@context\":\"https:\/\/schema.org\",\"@graph\":[{\"@type\":\"WebPage\",\"@id\":\"https:\/\/atere-tz.de\/die-drei-grundprinzipien-der-osteopathie\/\",\"url\":\"https:\/\/atere-tz.de\/die-drei-grundprinzipien-der-osteopathie\/\",\"name\":\"Die Drei Grundprinzipien der Osteopathie - in Frankfurt - Ater\u00e9-tz\",\"isPartOf\":{\"@id\":\"https:\/\/atere-tz.de\/#website\"},\"datePublished\":\"2023-11-09T09:09:27+00:00\",\"dateModified\":\"2024-04-26T11:08:45+00:00\",\"description\":\"Prinzipien der Osteopathie, die darauf abzielen, den K\u00f6rper als Einheit zu betrachten und die nat\u00fcrliche Selbstheilungskraft zu f\u00f6rdern.\",\"breadcrumb\":{\"@id\":\"https:\/\/atere-tz.de\/die-drei-grundprinzipien-der-osteopathie\/#breadcrumb\"},\"inLanguage\":\"en-US\",\"potentialAction\":[{\"@type\":\"ReadAction\",\"target\":[\"https:\/\/atere-tz.de\/die-drei-grundprinzipien-der-osteopathie\/\"]}]},{\"@type\":\"BreadcrumbList\",\"@id\":\"https:\/\/atere-tz.de\/die-drei-grundprinzipien-der-osteopathie\/#breadcrumb\",\"itemListElement\":[{\"@type\":\"ListItem\",\"position\":1,\"name\":\"Startseite\",\"item\":\"https:\/\/atere-tz.de\/\"},{\"@type\":\"ListItem\",\"position\":2,\"name\":\"DIE DREI GRUNDPRINZIPIEN DER OSTEOPATHIE\"}]},{\"@type\":\"WebSite\",\"@id\":\"https:\/\/atere-tz.de\/#website\",\"url\":\"https:\/\/atere-tz.de\/\",\"name\":\"Atere-tz\",\"description\":\"\",\"publisher\":{\"@id\":\"https:\/\/atere-tz.de\/#organization\"},\"potentialAction\":[{\"@type\":\"SearchAction\",\"target\":{\"@type\":\"EntryPoint\",\"urlTemplate\":\"https:\/\/atere-tz.de\/?s={search_term_string}\"},\"query-input\":\"required name=search_term_string\"}],\"inLanguage\":\"en-US\"},{\"@type\":\"Organization\",\"@id\":\"https:\/\/atere-tz.de\/#organization\",\"name\":\"Atere-tz\",\"url\":\"https:\/\/atere-tz.de\/\",\"logo\":{\"@type\":\"ImageObject\",\"inLanguage\":\"en-US\",\"@id\":\"https:\/\/atere-tz.de\/#\/schema\/logo\/image\/\",\"url\":\"https:\/\/atere-tz.de\/wp-content\/uploads\/2023\/02\/logo-atere-header.png\",\"contentUrl\":\"https:\/\/atere-tz.de\/wp-content\/uploads\/2023\/02\/logo-atere-header.png\",\"width\":157,\"height\":181,\"caption\":\"Atere-tz\"},\"image\":{\"@id\":\"https:\/\/atere-tz.de\/#\/schema\/logo\/image\/\"}}]}<\/script>\n<!-- \/ Yoast SEO plugin. -->","yoast_head_json":{"title":"The three basic principles of osteopathy - in Frankfurt - Ater\u00e9","description":"The principles of osteopathy, which aim to view the body as a unit and promote the body's natural ability to heal itself.","robots":{"index":"index","follow":"follow","max-snippet":"max-snippet:-1","max-image-preview":"max-image-preview:large","max-video-preview":"max-video-preview:-1"},"canonical":"https:\/\/atere-tz.de\/en\/die-drei-grundprinzipien-der-osteopathie\/","og_locale":"en_US","og_type":"article","og_title":"Die Drei Grundprinzipien der Osteopathie - in Frankfurt - Ater\u00e9-tz","og_description":"Prinzipien der Osteopathie, die darauf abzielen, den K\u00f6rper als Einheit zu betrachten und die nat\u00fcrliche Selbstheilungskraft zu f\u00f6rdern.","og_url":"https:\/\/atere-tz.de\/en\/die-drei-grundprinzipien-der-osteopathie\/","og_site_name":"Atere-tz","article_modified_time":"2024-04-26T11:08:45+00:00","twitter_card":"summary_large_image","twitter_misc":{"Est. reading time":"2 minutes"},"schema":{"@context":"https:\/\/schema.org","@graph":[{"@type":"WebPage","@id":"https:\/\/atere-tz.de\/die-drei-grundprinzipien-der-osteopathie\/","url":"https:\/\/atere-tz.de\/die-drei-grundprinzipien-der-osteopathie\/","name":"The three basic principles of osteopathy - in Frankfurt - Ater\u00e9","isPartOf":{"@id":"https:\/\/atere-tz.de\/#website"},"datePublished":"2023-11-09T09:09:27+00:00","dateModified":"2024-04-26T11:08:45+00:00","description":"The principles of osteopathy, which aim to view the body as a unit and promote the body's natural ability to heal itself.","breadcrumb":{"@id":"https:\/\/atere-tz.de\/die-drei-grundprinzipien-der-osteopathie\/#breadcrumb"},"inLanguage":"en-US","potentialAction":[{"@type":"ReadAction","target":["https:\/\/atere-tz.de\/die-drei-grundprinzipien-der-osteopathie\/"]}]},{"@type":"BreadcrumbList","@id":"https:\/\/atere-tz.de\/die-drei-grundprinzipien-der-osteopathie\/#breadcrumb","itemListElement":[{"@type":"ListItem","position":1,"name":"Startseite","item":"https:\/\/atere-tz.de\/"},{"@type":"ListItem","position":2,"name":"DIE DREI GRUNDPRINZIPIEN DER OSTEOPATHIE"}]},{"@type":"WebSite","@id":"https:\/\/atere-tz.de\/#website","url":"https:\/\/atere-tz.de\/","name":"Atere-tz","description":"","publisher":{"@id":"https:\/\/atere-tz.de\/#organization"},"potentialAction":[{"@type":"SearchAction","target":{"@type":"EntryPoint","urlTemplate":"https:\/\/atere-tz.de\/?s={search_term_string}"},"query-input":"required name=search_term_string"}],"inLanguage":"en-US"},{"@type":"Organization","@id":"https:\/\/atere-tz.de\/#organization","name":"Atere-tz","url":"https:\/\/atere-tz.de\/","logo":{"@type":"ImageObject","inLanguage":"en-US","@id":"https:\/\/atere-tz.de\/#\/schema\/logo\/image\/","url":"https:\/\/atere-tz.de\/wp-content\/uploads\/2023\/02\/logo-atere-header.png","contentUrl":"https:\/\/atere-tz.de\/wp-content\/uploads\/2023\/02\/logo-atere-header.png","width":157,"height":181,"caption":"Atere-tz"},"image":{"@id":"https:\/\/atere-tz.de\/#\/schema\/logo\/image\/"}}]}},"_links":{"self":[{"href":"https:\/\/atere-tz.de\/en\/wp-json\/wp\/v2\/pages\/1231"}],"collection":[{"href":"https:\/\/atere-tz.de\/en\/wp-json\/wp\/v2\/pages"}],"about":[{"href":"https:\/\/atere-tz.de\/en\/wp-json\/wp\/v2\/types\/page"}],"author":[{"embeddable":true,"href":"https:\/\/atere-tz.de\/en\/wp-json\/wp\/v2\/users\/2"}],"replies":[{"embeddable":true,"href":"https:\/\/atere-tz.de\/en\/wp-json\/wp\/v2\/comments?post=1231"}],"version-history":[{"count":1,"href":"https:\/\/atere-tz.de\/en\/wp-json\/wp\/v2\/pages\/1231\/revisions"}],"predecessor-version":[{"id":1778,"href":"https:\/\/atere-tz.de\/en\/wp-json\/wp\/v2\/pages\/1231\/revisions\/1778"}],"wp:attachment":[{"href":"https:\/\/atere-tz.de\/en\/wp-json\/wp\/v2\/media?parent=1231"}],"curies":[{"name":"wp","href":"https:\/\/api.w.org\/{rel}","templated":true}]}}