{"id":1255,"date":"2023-11-09T09:36:26","date_gmt":"2023-11-09T09:36:26","guid":{"rendered":"https:\/\/atere-tz.de\/?page_id=1255"},"modified":"2024-02-28T08:52:33","modified_gmt":"2024-02-28T08:52:33","slug":"cmd","status":"publish","type":"page","link":"https:\/\/atere-tz.de\/en\/cmd\/","title":{"rendered":"CMD"},"content":{"rendered":"\t\t<div data-elementor-type=\"wp-page\" data-elementor-id=\"1255\" class=\"elementor elementor-1255\">\n\t\t\t\t\t\t\t\t\t<section class=\"elementor-section elementor-top-section elementor-element elementor-element-aa8dfe4 elementor-section-boxed elementor-section-height-default elementor-section-height-default\" data-id=\"aa8dfe4\" data-element_type=\"section\">\n\t\t\t\t\t\t<div class=\"elementor-container elementor-column-gap-default\">\n\t\t\t\t\t<div class=\"aux-parallax-section elementor-column elementor-col-100 elementor-top-column elementor-element elementor-element-5d05bf2\" data-id=\"5d05bf2\" data-element_type=\"column\">\n\t\t\t<div class=\"elementor-widget-wrap elementor-element-populated\">\n\t\t\t\t\t\t\t\t<div class=\"elementor-element elementor-element-71deb24 elementor-widget elementor-widget-heading\" data-id=\"71deb24\" data-element_type=\"widget\" data-widget_type=\"heading.default\">\n\t\t\t\t<div class=\"elementor-widget-container\">\n\t\t\t<style>\/*! elementor - v3.16.0 - 09-10-2023 *\/\n.elementor-heading-title{padding:0;margin:0;line-height:1}.elementor-widget-heading .elementor-heading-title[class*=elementor-size-]>a{color:inherit;font-size:inherit;line-height:inherit}.elementor-widget-heading .elementor-heading-title.elementor-size-small{font-size:15px}.elementor-widget-heading .elementor-heading-title.elementor-size-medium{font-size:19px}.elementor-widget-heading .elementor-heading-title.elementor-size-large{font-size:29px}.elementor-widget-heading .elementor-heading-title.elementor-size-xl{font-size:39px}.elementor-widget-heading .elementor-heading-title.elementor-size-xxl{font-size:59px}<\/style><h2 class=\"elementor-heading-title elementor-size-default\">CMD<\/h2>\t\t<\/div>\n\t\t\t\t<\/div>\n\t\t\t\t\t<\/div>\n\t\t<\/div>\n\t\t\t\t\t\t\t<\/div>\n\t\t<\/section>\n\t\t\t\t<section class=\"elementor-section elementor-top-section elementor-element elementor-element-8673e62 elementor-section-boxed elementor-section-height-default elementor-section-height-default\" data-id=\"8673e62\" data-element_type=\"section\">\n\t\t\t\t\t\t<div class=\"elementor-container elementor-column-gap-default\">\n\t\t\t\t\t<div class=\"aux-parallax-section elementor-column elementor-col-100 elementor-top-column elementor-element elementor-element-94bf308\" data-id=\"94bf308\" data-element_type=\"column\">\n\t\t\t<div class=\"elementor-widget-wrap elementor-element-populated\">\n\t\t\t\t\t\t\t\t<div class=\"elementor-element elementor-element-987c545 elementor-widget elementor-widget-heading\" data-id=\"987c545\" data-element_type=\"widget\" data-widget_type=\"heading.default\">\n\t\t\t\t<div class=\"elementor-widget-container\">\n\t\t\t<h2 class=\"elementor-heading-title elementor-size-default\">Definition<\/h2>\t\t<\/div>\n\t\t\t\t<\/div>\n\t\t\t\t<div class=\"elementor-element elementor-element-6cf0d53 elementor-widget elementor-widget-text-editor\" data-id=\"6cf0d53\" data-element_type=\"widget\" data-widget_type=\"text-editor.default\">\n\t\t\t\t<div class=\"elementor-widget-container\">\n\t\t\t<style>\/*! elementor - v3.16.0 - 09-10-2023 *\/\n.elementor-widget-text-editor.elementor-drop-cap-view-stacked .elementor-drop-cap{background-color:#69727d;color:#fff}.elementor-widget-text-editor.elementor-drop-cap-view-framed .elementor-drop-cap{color:#69727d;border:3px solid;background-color:transparent}.elementor-widget-text-editor:not(.elementor-drop-cap-view-default) .elementor-drop-cap{margin-top:8px}.elementor-widget-text-editor:not(.elementor-drop-cap-view-default) .elementor-drop-cap-letter{width:1em;height:1em}.elementor-widget-text-editor .elementor-drop-cap{float:left;text-align:center;line-height:1;font-size:50px}.elementor-widget-text-editor .elementor-drop-cap-letter{display:inline-block}<\/style>\t\t\t\t<p><br \/>Das Craniomandibul\u00e4re System besteht aus den Z\u00e4hnen des Ober- und Unterkiefers, der Kaumuskulatur, den Kiefergelenken, den<\/p><p>angliedernden Sch\u00e4delknochen und der Halswirbels\u00e4ule. Die wichtigsten Funktionen des Craniomandibul\u00e4ren Sytems sind das Kauen und<\/p><p>das Sprechen. Im weitesten Sinne k\u00f6nnen aber auch alle Bewegungen des Kopfes mit dazu genommen werden.<\/p><p>St\u00f6rungen in diesem System bezeichnen wir als Craniomandibul\u00e4re Dysfunktion (CMD). Unter CMD werden alle schmerzhaften und<\/p><p>nicht schmerzhaften Beschwerden zusammengefasst, die auf strukturelle, funktionelle, biochemische und psychische Fehlregulation der<\/p><p>Muskel- und\/oder Kiefergelenksfunktion zur\u00fcckzuf\u00fchren sind.<\/p><p>Symptome der CMD zeigen sich h\u00e4ufig im zahn\u00e4rztlichen Bereich (siehe Indikationen)<\/p>\t\t\t\t\t\t<\/div>\n\t\t\t\t<\/div>\n\t\t\t\t<div class=\"elementor-element elementor-element-aa9c701 elementor-widget elementor-widget-heading\" data-id=\"aa9c701\" data-element_type=\"widget\" data-widget_type=\"heading.default\">\n\t\t\t\t<div class=\"elementor-widget-container\">\n\t\t\t<h2 class=\"elementor-heading-title elementor-size-default\">Indikationen<\/h2>\t\t<\/div>\n\t\t\t\t<\/div>\n\t\t\t\t<div class=\"elementor-element elementor-element-99cae6a elementor-widget elementor-widget-text-editor\" data-id=\"99cae6a\" data-element_type=\"widget\" data-widget_type=\"text-editor.default\">\n\t\t\t\t<div class=\"elementor-widget-container\">\n\t\t\t\t\t\t\t<p>Kaumuskelschmerzen (Myalgie, Myopathie)<\/p><p>Kiefergelenksschmerzen (Arthralgie, Arthropathie)<\/p><p>Ger\u00e4usche des Kiefergelenkes (Knacken)<\/p><p>Zahnschmerzen, Zahnhypersensibilit\u00e4ten, Zahnlockerungen und Zahnwanderungen<\/p><p>Kopf- und Gesichtsschmerzen<\/p><p>Irritationen im Bereich des Ohres (z. B. Tinnitus, Schwindel)<\/p><p>Irritationen der Augen (z. B. Sehst\u00f6rungen),<\/p><p>Irritationen im Bereich des Halses (z. B. Schluckbeschwerden, Stimmver\u00e4nderungen)<\/p><p>Taubheitsgef\u00fchle in Armen und Fingern<\/p><p>Beschwerden im Bereich der Halswirbels\u00e4ule und des Nackens, bis zu den Schultergelenken<\/p>\t\t\t\t\t\t<\/div>\n\t\t\t\t<\/div>\n\t\t\t\t<div class=\"elementor-element elementor-element-0f81aec elementor-widget elementor-widget-heading\" data-id=\"0f81aec\" data-element_type=\"widget\" data-widget_type=\"heading.default\">\n\t\t\t\t<div class=\"elementor-widget-container\">\n\t\t\t<h2 class=\"elementor-heading-title elementor-size-default\">Therapie<\/h2>\t\t<\/div>\n\t\t\t\t<\/div>\n\t\t\t\t<div class=\"elementor-element elementor-element-9eda69f elementor-widget elementor-widget-text-editor\" data-id=\"9eda69f\" data-element_type=\"widget\" data-widget_type=\"text-editor.default\">\n\t\t\t\t<div class=\"elementor-widget-container\">\n\t\t\t\t\t\t\t<p>Grunds\u00e4tzlich sollte die Therapie der CMD nicht allein unter der zahn\u00e4rztlichen Betrachtungsweise, sondern auch unter einem<\/p><p>interdisziplin\u00e4ren medizinischen Ansatz erfolgen. Als wirkungsvolle positive Beeinflussungsm\u00f6glichkeiten beim Beschwerdebild der<\/p><p>CMD werden physiotherapeutische Ma\u00dfnahmen, wie K\u00e4lte, W\u00e4rme, spezielle Massagen und Bewegungs\u00fcbungen angesehen.<\/p><p>Die Behandlung von Craniomandibul\u00e4ren Dysfunktionen erfordert spezielle Kenntnisse \u00fcber Anatomie und Behandlungstechniken, \u00fcber<\/p><p>die wir bei ater\u00e9 verf\u00fcgen. Die Anwendungen erfolgen teilweise innerhalb des Mundes mit speziellen Techniken und haben als Ziel die<\/p><p>Beschwerden zu lindern.<\/p><p>Wir arbeiten dabei eng mit Zahn\u00e4rzten und Kieferorthop\u00e4den zusammen, um den Behandlungserfolg zu optimieren.<\/p><p>Eine weitere Behandlungsm\u00f6glichkeit besteht in der Eingliederung einer herausnehmbaren Okklusionsschiene (Aufbissschiene) aus<\/p><p>Kunststoff, um die Stellung des Kiefergelenks g\u00fcnstig zu beeinflussen und das Kausystem zu entlasten. Diese Schiene wird \u00fcblicherweise<\/p><p>von einem Zahnarzt oder Kieferorthop\u00e4den angefertigt.<\/p><p>Durch die Schiene wird der Unterkiefer in eine neue Position gebracht und die \u00dcberaktivit\u00e4t der Kaumuskulatur verringert. Au\u00dferdem<\/p><p>entlastet eine Schiene die Kiefergelenke. Die hohe Erfolgsrate der Schienentherapie ist durch Studien gut dokumentiert.<\/p>\t\t\t\t\t\t<\/div>\n\t\t\t\t<\/div>\n\t\t\t\t\t<\/div>\n\t\t<\/div>\n\t\t\t\t\t\t\t<\/div>\n\t\t<\/section>\n\t\t\t\t\t\t\t<\/div>\n\t\t","protected":false},"excerpt":{"rendered":"<p>CMD Definition Das Craniomandibul\u00e4re System besteht aus den Z\u00e4hnen des Ober- und Unterkiefers, der Kaumuskulatur, den Kiefergelenken, den angliedernden Sch\u00e4delknochen und der Halswirbels\u00e4ule. Die wichtigsten Funktionen des Craniomandibul\u00e4ren Sytems sind das Kauen und das Sprechen. Im weitesten Sinne k\u00f6nnen aber auch alle Bewegungen des Kopfes mit dazu genommen werden. St\u00f6rungen in diesem System bezeichnen wir [&hellip;]<\/p>\n","protected":false},"author":2,"featured_media":0,"parent":0,"menu_order":0,"comment_status":"closed","ping_status":"closed","template":"","meta":{"footnotes":""},"yoast_head":"<!-- This site is optimized with the Yoast SEO plugin v22.1 - https:\/\/yoast.com\/wordpress\/plugins\/seo\/ -->\n<title>CMD Physiotherapie f\u00fcr den Kiefer - In Frankfurt - Ater\u00e9-tz<\/title>\n<meta name=\"description\" content=\"Craniomandibul\u00e4re Dysfunktion (CMD): Wir behandeln Beschwerden in der Kaumuskulatur, Kiefergelenken, Sch\u00e4delknochen und der Halswirbels\u00e4ule.\" \/>\n<meta name=\"robots\" content=\"index, follow, max-snippet:-1, max-image-preview:large, max-video-preview:-1\" \/>\n<link rel=\"canonical\" href=\"https:\/\/atere-tz.de\/en\/cmd\/\" \/>\n<meta property=\"og:locale\" content=\"en_US\" \/>\n<meta property=\"og:type\" content=\"article\" \/>\n<meta property=\"og:title\" content=\"CMD Physiotherapie f\u00fcr den Kiefer - In Frankfurt - Ater\u00e9-tz\" \/>\n<meta property=\"og:description\" content=\"Craniomandibul\u00e4re Dysfunktion (CMD): Wir behandeln Beschwerden in der Kaumuskulatur, Kiefergelenken, Sch\u00e4delknochen und der Halswirbels\u00e4ule.\" \/>\n<meta property=\"og:url\" content=\"https:\/\/atere-tz.de\/en\/cmd\/\" \/>\n<meta property=\"og:site_name\" content=\"Atere-tz\" \/>\n<meta property=\"article:modified_time\" content=\"2024-02-28T08:52:33+00:00\" \/>\n<meta name=\"twitter:card\" content=\"summary_large_image\" \/>\n<meta name=\"twitter:label1\" content=\"Est. reading time\" \/>\n\t<meta name=\"twitter:data1\" content=\"2 minutes\" \/>\n<script type=\"application\/ld+json\" class=\"yoast-schema-graph\">{\"@context\":\"https:\/\/schema.org\",\"@graph\":[{\"@type\":\"WebPage\",\"@id\":\"https:\/\/atere-tz.de\/cmd\/\",\"url\":\"https:\/\/atere-tz.de\/cmd\/\",\"name\":\"CMD Physiotherapie f\u00fcr den Kiefer - In Frankfurt - Ater\u00e9-tz\",\"isPartOf\":{\"@id\":\"https:\/\/atere-tz.de\/#website\"},\"datePublished\":\"2023-11-09T09:36:26+00:00\",\"dateModified\":\"2024-02-28T08:52:33+00:00\",\"description\":\"Craniomandibul\u00e4re Dysfunktion (CMD): Wir behandeln Beschwerden in der Kaumuskulatur, Kiefergelenken, Sch\u00e4delknochen und der Halswirbels\u00e4ule.\",\"breadcrumb\":{\"@id\":\"https:\/\/atere-tz.de\/cmd\/#breadcrumb\"},\"inLanguage\":\"en-US\",\"potentialAction\":[{\"@type\":\"ReadAction\",\"target\":[\"https:\/\/atere-tz.de\/cmd\/\"]}]},{\"@type\":\"BreadcrumbList\",\"@id\":\"https:\/\/atere-tz.de\/cmd\/#breadcrumb\",\"itemListElement\":[{\"@type\":\"ListItem\",\"position\":1,\"name\":\"Startseite\",\"item\":\"https:\/\/atere-tz.de\/\"},{\"@type\":\"ListItem\",\"position\":2,\"name\":\"CMD\"}]},{\"@type\":\"WebSite\",\"@id\":\"https:\/\/atere-tz.de\/#website\",\"url\":\"https:\/\/atere-tz.de\/\",\"name\":\"Atere-tz\",\"description\":\"\",\"publisher\":{\"@id\":\"https:\/\/atere-tz.de\/#organization\"},\"potentialAction\":[{\"@type\":\"SearchAction\",\"target\":{\"@type\":\"EntryPoint\",\"urlTemplate\":\"https:\/\/atere-tz.de\/?s={search_term_string}\"},\"query-input\":\"required name=search_term_string\"}],\"inLanguage\":\"en-US\"},{\"@type\":\"Organization\",\"@id\":\"https:\/\/atere-tz.de\/#organization\",\"name\":\"Atere-tz\",\"url\":\"https:\/\/atere-tz.de\/\",\"logo\":{\"@type\":\"ImageObject\",\"inLanguage\":\"en-US\",\"@id\":\"https:\/\/atere-tz.de\/#\/schema\/logo\/image\/\",\"url\":\"https:\/\/atere-tz.de\/wp-content\/uploads\/2023\/02\/logo-atere-header.png\",\"contentUrl\":\"https:\/\/atere-tz.de\/wp-content\/uploads\/2023\/02\/logo-atere-header.png\",\"width\":157,\"height\":181,\"caption\":\"Atere-tz\"},\"image\":{\"@id\":\"https:\/\/atere-tz.de\/#\/schema\/logo\/image\/\"}}]}<\/script>\n<!-- \/ Yoast SEO plugin. -->","yoast_head_json":{"title":"CMD physiotherapy for the jaw - In Frankfurt - Ater\u00e9-tz","description":"Craniomandibular dysfunction (CMD): We treat complaints in the masticatory muscles, jaw joints, cranial bones and the cervical spine.","robots":{"index":"index","follow":"follow","max-snippet":"max-snippet:-1","max-image-preview":"max-image-preview:large","max-video-preview":"max-video-preview:-1"},"canonical":"https:\/\/atere-tz.de\/en\/cmd\/","og_locale":"en_US","og_type":"article","og_title":"CMD Physiotherapie f\u00fcr den Kiefer - In Frankfurt - Ater\u00e9-tz","og_description":"Craniomandibul\u00e4re Dysfunktion (CMD): Wir behandeln Beschwerden in der Kaumuskulatur, Kiefergelenken, Sch\u00e4delknochen und der Halswirbels\u00e4ule.","og_url":"https:\/\/atere-tz.de\/en\/cmd\/","og_site_name":"Atere-tz","article_modified_time":"2024-02-28T08:52:33+00:00","twitter_card":"summary_large_image","twitter_misc":{"Est. reading time":"2 minutes"},"schema":{"@context":"https:\/\/schema.org","@graph":[{"@type":"WebPage","@id":"https:\/\/atere-tz.de\/cmd\/","url":"https:\/\/atere-tz.de\/cmd\/","name":"CMD physiotherapy for the jaw - In Frankfurt - Ater\u00e9-tz","isPartOf":{"@id":"https:\/\/atere-tz.de\/#website"},"datePublished":"2023-11-09T09:36:26+00:00","dateModified":"2024-02-28T08:52:33+00:00","description":"Craniomandibular dysfunction (CMD): We treat complaints in the masticatory muscles, jaw joints, cranial bones and the cervical spine.","breadcrumb":{"@id":"https:\/\/atere-tz.de\/cmd\/#breadcrumb"},"inLanguage":"en-US","potentialAction":[{"@type":"ReadAction","target":["https:\/\/atere-tz.de\/cmd\/"]}]},{"@type":"BreadcrumbList","@id":"https:\/\/atere-tz.de\/cmd\/#breadcrumb","itemListElement":[{"@type":"ListItem","position":1,"name":"Startseite","item":"https:\/\/atere-tz.de\/"},{"@type":"ListItem","position":2,"name":"CMD"}]},{"@type":"WebSite","@id":"https:\/\/atere-tz.de\/#website","url":"https:\/\/atere-tz.de\/","name":"Atere-tz","description":"","publisher":{"@id":"https:\/\/atere-tz.de\/#organization"},"potentialAction":[{"@type":"SearchAction","target":{"@type":"EntryPoint","urlTemplate":"https:\/\/atere-tz.de\/?s={search_term_string}"},"query-input":"required name=search_term_string"}],"inLanguage":"en-US"},{"@type":"Organization","@id":"https:\/\/atere-tz.de\/#organization","name":"Atere-tz","url":"https:\/\/atere-tz.de\/","logo":{"@type":"ImageObject","inLanguage":"en-US","@id":"https:\/\/atere-tz.de\/#\/schema\/logo\/image\/","url":"https:\/\/atere-tz.de\/wp-content\/uploads\/2023\/02\/logo-atere-header.png","contentUrl":"https:\/\/atere-tz.de\/wp-content\/uploads\/2023\/02\/logo-atere-header.png","width":157,"height":181,"caption":"Atere-tz"},"image":{"@id":"https:\/\/atere-tz.de\/#\/schema\/logo\/image\/"}}]}},"_links":{"self":[{"href":"https:\/\/atere-tz.de\/en\/wp-json\/wp\/v2\/pages\/1255"}],"collection":[{"href":"https:\/\/atere-tz.de\/en\/wp-json\/wp\/v2\/pages"}],"about":[{"href":"https:\/\/atere-tz.de\/en\/wp-json\/wp\/v2\/types\/page"}],"author":[{"embeddable":true,"href":"https:\/\/atere-tz.de\/en\/wp-json\/wp\/v2\/users\/2"}],"replies":[{"embeddable":true,"href":"https:\/\/atere-tz.de\/en\/wp-json\/wp\/v2\/comments?post=1255"}],"version-history":[{"count":1,"href":"https:\/\/atere-tz.de\/en\/wp-json\/wp\/v2\/pages\/1255\/revisions"}],"predecessor-version":[{"id":1777,"href":"https:\/\/atere-tz.de\/en\/wp-json\/wp\/v2\/pages\/1255\/revisions\/1777"}],"wp:attachment":[{"href":"https:\/\/atere-tz.de\/en\/wp-json\/wp\/v2\/media?parent=1255"}],"curies":[{"name":"wp","href":"https:\/\/api.w.org\/{rel}","templated":true}]}}