{"id":343,"date":"2023-02-03T05:02:36","date_gmt":"2023-02-03T05:02:36","guid":{"rendered":"https:\/\/atere-tz.de\/?page_id=343"},"modified":"2026-03-15T19:34:31","modified_gmt":"2026-03-15T19:34:31","slug":"mittel-und-wege-2","status":"publish","type":"page","link":"https:\/\/atere-tz.de\/en\/mittel-und-wege-2\/","title":{"rendered":"TOOLS"},"content":{"rendered":"\t\t<div data-elementor-type=\"wp-page\" data-elementor-id=\"343\" class=\"elementor elementor-343\">\n\t\t\t\t\t\t\t\t\t<section class=\"elementor-section elementor-top-section elementor-element elementor-element-64369a1 elementor-section-boxed elementor-section-height-default elementor-section-height-default\" data-id=\"64369a1\" data-element_type=\"section\">\n\t\t\t\t\t\t<div class=\"elementor-container elementor-column-gap-default\">\n\t\t\t\t\t<div class=\"aux-parallax-section elementor-column elementor-col-100 elementor-top-column elementor-element elementor-element-ffff85d\" data-id=\"ffff85d\" data-element_type=\"column\">\n\t\t\t<div class=\"elementor-widget-wrap elementor-element-populated\">\n\t\t\t\t\t\t\t\t<div class=\"elementor-element elementor-element-62b6cc4 aux-appear-watch-animation aux-fade-in-left elementor-widget elementor-widget-heading\" data-id=\"62b6cc4\" data-element_type=\"widget\" data-widget_type=\"heading.default\">\n\t\t\t\t<div class=\"elementor-widget-container\">\n\t\t\t<style>\/*! elementor - v3.16.0 - 09-10-2023 *\/\n.elementor-heading-title{padding:0;margin:0;line-height:1}.elementor-widget-heading .elementor-heading-title[class*=elementor-size-]>a{color:inherit;font-size:inherit;line-height:inherit}.elementor-widget-heading .elementor-heading-title.elementor-size-small{font-size:15px}.elementor-widget-heading .elementor-heading-title.elementor-size-medium{font-size:19px}.elementor-widget-heading .elementor-heading-title.elementor-size-large{font-size:29px}.elementor-widget-heading .elementor-heading-title.elementor-size-xl{font-size:39px}.elementor-widget-heading .elementor-heading-title.elementor-size-xxl{font-size:59px}<\/style><h2 class=\"elementor-heading-title elementor-size-default\">MITTEL UND WEGE<\/h2>\t\t<\/div>\n\t\t\t\t<\/div>\n\t\t\t\t<div class=\"elementor-element elementor-element-4b0b1d0 aux-appear-watch-animation aux-fade-in-up-1 elementor-widget elementor-widget-text-editor\" data-id=\"4b0b1d0\" data-element_type=\"widget\" data-widget_type=\"text-editor.default\">\n\t\t\t\t<div class=\"elementor-widget-container\">\n\t\t\t<style>\/*! elementor - v3.16.0 - 09-10-2023 *\/\n.elementor-widget-text-editor.elementor-drop-cap-view-stacked .elementor-drop-cap{background-color:#69727d;color:#fff}.elementor-widget-text-editor.elementor-drop-cap-view-framed .elementor-drop-cap{color:#69727d;border:3px solid;background-color:transparent}.elementor-widget-text-editor:not(.elementor-drop-cap-view-default) .elementor-drop-cap{margin-top:8px}.elementor-widget-text-editor:not(.elementor-drop-cap-view-default) .elementor-drop-cap-letter{width:1em;height:1em}.elementor-widget-text-editor .elementor-drop-cap{float:left;text-align:center;line-height:1;font-size:50px}.elementor-widget-text-editor .elementor-drop-cap-letter{display:inline-block}<\/style>\t\t\t\t<p>Wiederholte, bewusste und gezielte Handlungen bringen die besten Ergebnisse.<br>Wir m\u00f6chten Ihnen helfen, positive Gewohnheiten zu entwickeln, die Ihnen helfen, sich<br>besser zu f\u00fchlen.<\/p>\t\t\t\t\t\t<\/div>\n\t\t\t\t<\/div>\n\t\t\t\t\t<\/div>\n\t\t<\/div>\n\t\t\t\t\t\t\t<\/div>\n\t\t<\/section>\n\t\t\t\t<section class=\"elementor-section elementor-top-section elementor-element elementor-element-ee04c0a aux-appear-watch-animation aux-fade-in-up-1 elementor-section-boxed elementor-section-height-default elementor-section-height-default\" data-id=\"ee04c0a\" data-element_type=\"section\">\n\t\t\t\t\t\t<div class=\"elementor-container elementor-column-gap-default\">\n\t\t\t\t\t<div class=\"aux-parallax-section elementor-column elementor-col-33 elementor-top-column elementor-element elementor-element-c07d199\" data-id=\"c07d199\" data-element_type=\"column\">\n\t\t\t<div class=\"elementor-widget-wrap\">\n\t\t\t\t\t\t\t\t\t<\/div>\n\t\t<\/div>\n\t\t\t\t<div class=\"aux-parallax-section elementor-column elementor-col-33 elementor-top-column elementor-element elementor-element-26720e2 aux-appear-watch-animation aux-fade-in-left-1\" data-id=\"26720e2\" data-element_type=\"column\" data-settings=\"{&quot;background_background&quot;:&quot;classic&quot;}\">\n\t\t\t<div class=\"elementor-widget-wrap elementor-element-populated\">\n\t\t\t\t\t<div class=\"elementor-background-overlay\"><\/div>\n\t\t\t\t\t\t\t\t<div class=\"elementor-element elementor-element-7e1094b aux-appear-watch-animation aux-slide-from-bot elementor-widget elementor-widget-heading\" data-id=\"7e1094b\" data-element_type=\"widget\" data-widget_type=\"heading.default\">\n\t\t\t\t<div class=\"elementor-widget-container\">\n\t\t\t<h2 class=\"elementor-heading-title elementor-size-default\">ERN\u00c4HRUNG<\/h2>\t\t<\/div>\n\t\t\t\t<\/div>\n\t\t\t\t<div class=\"elementor-element elementor-element-25642e2 aux-appear-watch-animation aux-slide-from-bot elementor-widget elementor-widget-text-editor\" data-id=\"25642e2\" data-element_type=\"widget\" data-widget_type=\"text-editor.default\">\n\t\t\t\t<div class=\"elementor-widget-container\">\n\t\t\t\t\t\t\t<p>Damit Sie sich nachhaltig wohl f\u00fchlen, geben wir Ihnen individuelle Tipps<br \/>zum Thema Ern\u00e4hrung.<br \/><br \/><\/p>\t\t\t\t\t\t<\/div>\n\t\t\t\t<\/div>\n\t\t\t\t\t<\/div>\n\t\t<\/div>\n\t\t\t\t<div class=\"aux-parallax-section elementor-column elementor-col-33 elementor-top-column elementor-element elementor-element-eb72ede\" data-id=\"eb72ede\" data-element_type=\"column\">\n\t\t\t<div class=\"elementor-widget-wrap\">\n\t\t\t\t\t\t\t\t\t<\/div>\n\t\t<\/div>\n\t\t\t\t\t\t\t<\/div>\n\t\t<\/section>\n\t\t\t\t<section class=\"elementor-section elementor-top-section elementor-element elementor-element-d2e0210 elementor-section-boxed elementor-section-height-default elementor-section-height-default\" data-id=\"d2e0210\" data-element_type=\"section\">\n\t\t\t\t\t\t<div class=\"elementor-container elementor-column-gap-default\">\n\t\t\t\t\t<div class=\"aux-parallax-section elementor-column elementor-col-33 elementor-top-column elementor-element elementor-element-8dfb870\" data-id=\"8dfb870\" data-element_type=\"column\">\n\t\t\t<div class=\"elementor-widget-wrap\">\n\t\t\t\t\t\t\t\t\t<\/div>\n\t\t<\/div>\n\t\t\t\t<div class=\"aux-parallax-section elementor-column elementor-col-33 elementor-top-column elementor-element elementor-element-f8c61d4 aux-appear-watch-animation aux-fade-in-down-1\" data-id=\"f8c61d4\" data-element_type=\"column\" data-settings=\"{&quot;background_background&quot;:&quot;classic&quot;}\">\n\t\t\t<div class=\"elementor-widget-wrap elementor-element-populated\">\n\t\t\t\t\t<div class=\"elementor-background-overlay\"><\/div>\n\t\t\t\t\t\t\t\t<div class=\"elementor-element elementor-element-3692268 aux-appear-watch-animation aux-slide-from-bot elementor-widget elementor-widget-heading\" data-id=\"3692268\" data-element_type=\"widget\" data-widget_type=\"heading.default\">\n\t\t\t\t<div class=\"elementor-widget-container\">\n\t\t\t<h2 class=\"elementor-heading-title elementor-size-default\">TRAINING<\/h2>\t\t<\/div>\n\t\t\t\t<\/div>\n\t\t\t\t<div class=\"elementor-element elementor-element-79acf16 aux-appear-watch-animation aux-slide-from-bot elementor-widget elementor-widget-text-editor\" data-id=\"79acf16\" data-element_type=\"widget\" data-widget_type=\"text-editor.default\">\n\t\t\t\t<div class=\"elementor-widget-container\">\n\t\t\t\t\t\t\t<p>Gut trainierte Muskulatur ist die beste Pr\u00e4vention.<br \/>Sie erhalten von uns ein spezifisches <br \/>\u00dcbungsprogramm, um Ihre Muskeln und <br \/>Ihren K\u00f6rper zu st\u00e4rken.<\/p>\t\t\t\t\t\t<\/div>\n\t\t\t\t<\/div>\n\t\t\t\t\t<\/div>\n\t\t<\/div>\n\t\t\t\t<div class=\"aux-parallax-section elementor-column elementor-col-33 elementor-top-column elementor-element elementor-element-ad905fc\" data-id=\"ad905fc\" data-element_type=\"column\">\n\t\t\t<div class=\"elementor-widget-wrap\">\n\t\t\t\t\t\t\t\t\t<\/div>\n\t\t<\/div>\n\t\t\t\t\t\t\t<\/div>\n\t\t<\/section>\n\t\t\t\t<section class=\"elementor-section elementor-top-section elementor-element elementor-element-19948c0 elementor-section-boxed elementor-section-height-default elementor-section-height-default\" data-id=\"19948c0\" data-element_type=\"section\">\n\t\t\t\t\t\t<div class=\"elementor-container elementor-column-gap-default\">\n\t\t\t\t\t<div class=\"aux-parallax-section elementor-column elementor-col-33 elementor-top-column elementor-element elementor-element-93a1fff\" data-id=\"93a1fff\" data-element_type=\"column\">\n\t\t\t<div class=\"elementor-widget-wrap\">\n\t\t\t\t\t\t\t\t\t<\/div>\n\t\t<\/div>\n\t\t\t\t<div class=\"aux-parallax-section elementor-column elementor-col-33 elementor-top-column elementor-element elementor-element-215b615 aux-appear-watch-animation aux-fade-in-up-1\" data-id=\"215b615\" data-element_type=\"column\" data-settings=\"{&quot;background_background&quot;:&quot;classic&quot;}\">\n\t\t\t<div class=\"elementor-widget-wrap elementor-element-populated\">\n\t\t\t\t\t<div class=\"elementor-background-overlay\"><\/div>\n\t\t\t\t\t\t\t\t<div class=\"elementor-element elementor-element-025c816 aux-appear-watch-animation aux-slide-from-bot elementor-widget elementor-widget-heading\" data-id=\"025c816\" data-element_type=\"widget\" data-widget_type=\"heading.default\">\n\t\t\t\t<div class=\"elementor-widget-container\">\n\t\t\t<h2 class=\"elementor-heading-title elementor-size-default\">MEDITATIONS<\/h2>\t\t<\/div>\n\t\t\t\t<\/div>\n\t\t\t\t<div class=\"elementor-element elementor-element-e718dd8 aux-appear-watch-animation aux-slide-from-bot elementor-widget elementor-widget-text-editor\" data-id=\"e718dd8\" data-element_type=\"widget\" data-widget_type=\"text-editor.default\">\n\t\t\t\t<div class=\"elementor-widget-container\">\n\t\t\t\t\t\t\t<p>Seien Sie Eins mit Ihrer Atmung, seien Sie<br \/>achtsam und dankbar.<\/p>\t\t\t\t\t\t<\/div>\n\t\t\t\t<\/div>\n\t\t\t\t\t<\/div>\n\t\t<\/div>\n\t\t\t\t<div class=\"aux-parallax-section elementor-column elementor-col-33 elementor-top-column elementor-element elementor-element-129ac3e\" data-id=\"129ac3e\" data-element_type=\"column\">\n\t\t\t<div class=\"elementor-widget-wrap\">\n\t\t\t\t\t\t\t\t\t<\/div>\n\t\t<\/div>\n\t\t\t\t\t\t\t<\/div>\n\t\t<\/section>\n\t\t\t\t<section class=\"elementor-section elementor-top-section elementor-element elementor-element-ebaa2de elementor-section-boxed elementor-section-height-default elementor-section-height-default\" data-id=\"ebaa2de\" data-element_type=\"section\">\n\t\t\t\t\t\t<div class=\"elementor-container elementor-column-gap-default\">\n\t\t\t\t\t<div class=\"aux-parallax-section elementor-column elementor-col-33 elementor-top-column elementor-element elementor-element-fbe6f83\" data-id=\"fbe6f83\" data-element_type=\"column\">\n\t\t\t<div class=\"elementor-widget-wrap\">\n\t\t\t\t\t\t\t\t\t<\/div>\n\t\t<\/div>\n\t\t\t\t<div class=\"aux-parallax-section elementor-column elementor-col-33 elementor-top-column elementor-element elementor-element-843a372 aux-appear-watch-animation aux-fade-in-up-1\" data-id=\"843a372\" data-element_type=\"column\" data-settings=\"{&quot;background_background&quot;:&quot;classic&quot;}\">\n\t\t\t<div class=\"elementor-widget-wrap elementor-element-populated\">\n\t\t\t\t\t<div class=\"elementor-background-overlay\"><\/div>\n\t\t\t\t\t\t\t\t<div class=\"elementor-element elementor-element-14c118d aux-appear-watch-animation aux-slide-from-bot elementor-widget elementor-widget-heading\" data-id=\"14c118d\" data-element_type=\"widget\" data-widget_type=\"heading.default\">\n\t\t\t\t<div class=\"elementor-widget-container\">\n\t\t\t<h2 class=\"elementor-heading-title elementor-size-default\">WORKSHOPS<\/h2>\t\t<\/div>\n\t\t\t\t<\/div>\n\t\t\t\t<div class=\"elementor-element elementor-element-65ae67e aux-appear-watch-animation aux-slide-from-bot elementor-widget elementor-widget-text-editor\" data-id=\"65ae67e\" data-element_type=\"widget\" data-widget_type=\"text-editor.default\">\n\t\t\t\t<div class=\"elementor-widget-container\">\n\t\t\t\t\t\t\t<p>Verstehen ist die Quelle der Ver\u00e4nderung. Wir bieten Online-Sitzungen <br \/>rund um die Themen Gesundheit und Wohlbefinden.<\/p>\t\t\t\t\t\t<\/div>\n\t\t\t\t<\/div>\n\t\t\t\t\t<\/div>\n\t\t<\/div>\n\t\t\t\t<div class=\"aux-parallax-section elementor-column elementor-col-33 elementor-top-column elementor-element elementor-element-bb4b879\" data-id=\"bb4b879\" data-element_type=\"column\">\n\t\t\t<div class=\"elementor-widget-wrap\">\n\t\t\t\t\t\t\t\t\t<\/div>\n\t\t<\/div>\n\t\t\t\t\t\t\t<\/div>\n\t\t<\/section>\n\t\t\t\t\t\t\t<\/div>\n\t\t","protected":false},"excerpt":{"rendered":"<p>MITTEL UND WEGE Wiederholte, bewusste und gezielte Handlungen bringen die besten Ergebnisse.Wir m\u00f6chten Ihnen helfen, positive Gewohnheiten zu entwickeln, die Ihnen helfen, sichbesser zu f\u00fchlen. ERN\u00c4HRUNG Damit Sie sich nachhaltig wohl f\u00fchlen, geben wir Ihnen individuelle Tippszum Thema Ern\u00e4hrung. TRAINING Gut trainierte Muskulatur ist die beste Pr\u00e4vention.Sie erhalten von uns ein spezifisches \u00dcbungsprogramm, um Ihre [&hellip;]<\/p>\n","protected":false},"author":2,"featured_media":0,"parent":0,"menu_order":0,"comment_status":"closed","ping_status":"closed","template":"","meta":{"footnotes":""},"yoast_head":"<!-- This site is optimized with the Yoast SEO plugin v22.1 - https:\/\/yoast.com\/wordpress\/plugins\/seo\/ -->\n<title>Mittel und Wege f\u00fcr ihr Wohlbefinden in Frankfurt - Ater\u00e9-tz<\/title>\n<meta name=\"description\" content=\"Von traditionellen Therapiemethoden bis hin zu innovativen Ans\u00e4tzen stehen Ihnen viele Wege offen, Ihre pers\u00f6nlichen Herausforderung anzugehen.\" \/>\n<meta name=\"robots\" content=\"index, follow, max-snippet:-1, max-image-preview:large, max-video-preview:-1\" \/>\n<link rel=\"canonical\" href=\"https:\/\/atere-tz.de\/en\/mittel-und-wege-2\/\" \/>\n<meta property=\"og:locale\" content=\"en_US\" \/>\n<meta property=\"og:type\" content=\"article\" \/>\n<meta property=\"og:title\" content=\"Mittel und Wege f\u00fcr ihr Wohlbefinden in Frankfurt - Ater\u00e9-tz\" \/>\n<meta property=\"og:description\" content=\"Von traditionellen Therapiemethoden bis hin zu innovativen Ans\u00e4tzen stehen Ihnen viele Wege offen, Ihre pers\u00f6nlichen Herausforderung anzugehen.\" \/>\n<meta property=\"og:url\" content=\"https:\/\/atere-tz.de\/en\/mittel-und-wege-2\/\" \/>\n<meta property=\"og:site_name\" content=\"Atere-tz\" \/>\n<meta property=\"article:modified_time\" content=\"2026-03-15T19:34:31+00:00\" \/>\n<meta name=\"twitter:card\" content=\"summary_large_image\" \/>\n<meta name=\"twitter:label1\" content=\"Est. reading time\" \/>\n\t<meta name=\"twitter:data1\" content=\"1 minute\" \/>\n<script type=\"application\/ld+json\" class=\"yoast-schema-graph\">{\"@context\":\"https:\/\/schema.org\",\"@graph\":[{\"@type\":\"WebPage\",\"@id\":\"https:\/\/atere-tz.de\/mittel-und-wege-2\/\",\"url\":\"https:\/\/atere-tz.de\/mittel-und-wege-2\/\",\"name\":\"Mittel und Wege f\u00fcr ihr Wohlbefinden in Frankfurt - Ater\u00e9-tz\",\"isPartOf\":{\"@id\":\"https:\/\/atere-tz.de\/#website\"},\"datePublished\":\"2023-02-03T05:02:36+00:00\",\"dateModified\":\"2026-03-15T19:34:31+00:00\",\"description\":\"Von traditionellen Therapiemethoden bis hin zu innovativen Ans\u00e4tzen stehen Ihnen viele Wege offen, Ihre pers\u00f6nlichen Herausforderung anzugehen.\",\"breadcrumb\":{\"@id\":\"https:\/\/atere-tz.de\/mittel-und-wege-2\/#breadcrumb\"},\"inLanguage\":\"en-US\",\"potentialAction\":[{\"@type\":\"ReadAction\",\"target\":[\"https:\/\/atere-tz.de\/mittel-und-wege-2\/\"]}]},{\"@type\":\"BreadcrumbList\",\"@id\":\"https:\/\/atere-tz.de\/mittel-und-wege-2\/#breadcrumb\",\"itemListElement\":[{\"@type\":\"ListItem\",\"position\":1,\"name\":\"Startseite\",\"item\":\"https:\/\/atere-tz.de\/\"},{\"@type\":\"ListItem\",\"position\":2,\"name\":\"MITTEL UND WEGE\"}]},{\"@type\":\"WebSite\",\"@id\":\"https:\/\/atere-tz.de\/#website\",\"url\":\"https:\/\/atere-tz.de\/\",\"name\":\"Atere-tz\",\"description\":\"\",\"publisher\":{\"@id\":\"https:\/\/atere-tz.de\/#organization\"},\"potentialAction\":[{\"@type\":\"SearchAction\",\"target\":{\"@type\":\"EntryPoint\",\"urlTemplate\":\"https:\/\/atere-tz.de\/?s={search_term_string}\"},\"query-input\":\"required name=search_term_string\"}],\"inLanguage\":\"en-US\"},{\"@type\":\"Organization\",\"@id\":\"https:\/\/atere-tz.de\/#organization\",\"name\":\"Atere-tz\",\"url\":\"https:\/\/atere-tz.de\/\",\"logo\":{\"@type\":\"ImageObject\",\"inLanguage\":\"en-US\",\"@id\":\"https:\/\/atere-tz.de\/#\/schema\/logo\/image\/\",\"url\":\"https:\/\/atere-tz.de\/wp-content\/uploads\/2023\/02\/logo-atere-header.png\",\"contentUrl\":\"https:\/\/atere-tz.de\/wp-content\/uploads\/2023\/02\/logo-atere-header.png\",\"width\":157,\"height\":181,\"caption\":\"Atere-tz\"},\"image\":{\"@id\":\"https:\/\/atere-tz.de\/#\/schema\/logo\/image\/\"}}]}<\/script>\n<!-- \/ Yoast SEO plugin. -->","yoast_head_json":{"title":"Ways and means for your well-being in Frankfurt - Ater\u00e9","description":"From traditional therapy methods to innovative approaches, there are many ways to tackle your personal challenge.","robots":{"index":"index","follow":"follow","max-snippet":"max-snippet:-1","max-image-preview":"max-image-preview:large","max-video-preview":"max-video-preview:-1"},"canonical":"https:\/\/atere-tz.de\/en\/mittel-und-wege-2\/","og_locale":"en_US","og_type":"article","og_title":"Mittel und Wege f\u00fcr ihr Wohlbefinden in Frankfurt - Ater\u00e9-tz","og_description":"Von traditionellen Therapiemethoden bis hin zu innovativen Ans\u00e4tzen stehen Ihnen viele Wege offen, Ihre pers\u00f6nlichen Herausforderung anzugehen.","og_url":"https:\/\/atere-tz.de\/en\/mittel-und-wege-2\/","og_site_name":"Atere-tz","article_modified_time":"2026-03-15T19:34:31+00:00","twitter_card":"summary_large_image","twitter_misc":{"Est. reading time":"1 minute"},"schema":{"@context":"https:\/\/schema.org","@graph":[{"@type":"WebPage","@id":"https:\/\/atere-tz.de\/mittel-und-wege-2\/","url":"https:\/\/atere-tz.de\/mittel-und-wege-2\/","name":"Ways and means for your well-being in Frankfurt - Ater\u00e9","isPartOf":{"@id":"https:\/\/atere-tz.de\/#website"},"datePublished":"2023-02-03T05:02:36+00:00","dateModified":"2026-03-15T19:34:31+00:00","description":"From traditional therapy methods to innovative approaches, there are many ways to tackle your personal challenge.","breadcrumb":{"@id":"https:\/\/atere-tz.de\/mittel-und-wege-2\/#breadcrumb"},"inLanguage":"en-US","potentialAction":[{"@type":"ReadAction","target":["https:\/\/atere-tz.de\/mittel-und-wege-2\/"]}]},{"@type":"BreadcrumbList","@id":"https:\/\/atere-tz.de\/mittel-und-wege-2\/#breadcrumb","itemListElement":[{"@type":"ListItem","position":1,"name":"Startseite","item":"https:\/\/atere-tz.de\/"},{"@type":"ListItem","position":2,"name":"MITTEL UND WEGE"}]},{"@type":"WebSite","@id":"https:\/\/atere-tz.de\/#website","url":"https:\/\/atere-tz.de\/","name":"Atere-tz","description":"","publisher":{"@id":"https:\/\/atere-tz.de\/#organization"},"potentialAction":[{"@type":"SearchAction","target":{"@type":"EntryPoint","urlTemplate":"https:\/\/atere-tz.de\/?s={search_term_string}"},"query-input":"required name=search_term_string"}],"inLanguage":"en-US"},{"@type":"Organization","@id":"https:\/\/atere-tz.de\/#organization","name":"Atere-tz","url":"https:\/\/atere-tz.de\/","logo":{"@type":"ImageObject","inLanguage":"en-US","@id":"https:\/\/atere-tz.de\/#\/schema\/logo\/image\/","url":"https:\/\/atere-tz.de\/wp-content\/uploads\/2023\/02\/logo-atere-header.png","contentUrl":"https:\/\/atere-tz.de\/wp-content\/uploads\/2023\/02\/logo-atere-header.png","width":157,"height":181,"caption":"Atere-tz"},"image":{"@id":"https:\/\/atere-tz.de\/#\/schema\/logo\/image\/"}}]}},"_links":{"self":[{"href":"https:\/\/atere-tz.de\/en\/wp-json\/wp\/v2\/pages\/343"}],"collection":[{"href":"https:\/\/atere-tz.de\/en\/wp-json\/wp\/v2\/pages"}],"about":[{"href":"https:\/\/atere-tz.de\/en\/wp-json\/wp\/v2\/types\/page"}],"author":[{"embeddable":true,"href":"https:\/\/atere-tz.de\/en\/wp-json\/wp\/v2\/users\/2"}],"replies":[{"embeddable":true,"href":"https:\/\/atere-tz.de\/en\/wp-json\/wp\/v2\/comments?post=343"}],"version-history":[{"count":16,"href":"https:\/\/atere-tz.de\/en\/wp-json\/wp\/v2\/pages\/343\/revisions"}],"predecessor-version":[{"id":2246,"href":"https:\/\/atere-tz.de\/en\/wp-json\/wp\/v2\/pages\/343\/revisions\/2246"}],"wp:attachment":[{"href":"https:\/\/atere-tz.de\/en\/wp-json\/wp\/v2\/media?parent=343"}],"curies":[{"name":"wp","href":"https:\/\/api.w.org\/{rel}","templated":true}]}}